{"id":86,"date":"2018-04-01T18:21:02","date_gmt":"2018-04-01T16:21:02","guid":{"rendered":"http:\/\/atelier-schreiber.ch\/wordpress\/?page_id=86"},"modified":"2019-01-21T20:54:09","modified_gmt":"2019-01-21T19:54:09","slug":"kontakt","status":"publish","type":"page","link":"https:\/\/atelier-schreiber.ch\/wordpress\/kontakt\/","title":{"rendered":"Kontakt"},"content":{"rendered":"<h3><strong>Kontaktieren Sie uns<\/strong><\/h3>\n<p>Bei Fragen zu unseren Services, f\u00fcr Preisausk\u00fcnfte oder f\u00fcr sonstige Anfragen<br \/>\nben\u00fctzen Sie bitte unser Kontaktformular.<\/p>\n<div class=\"main-form-area\" id=\"contactform_main\"><form name=\"contactform\" action=\"#contactform_main\" method=\"post\">\r\n\t\t\t<p><input type=\"text\" name=\"c_name\" value=\"\" placeholder=\"Name\" \/><\/p>\r\n\t\t\t<p><input type=\"email\" name=\"c_email\" value=\"\" placeholder=\"Email\" \/><\/p><div class=\"clear\"><\/div>\r\n\t\t\t<p><input type=\"tel\" name=\"c_phone\" value=\"\" placeholder=\"Phone\" \/><\/p>\r\n\t\t\t<p><input type=\"url\" name=\"c_website\" value=\"\" placeholder=\"Website with prefix http:\/\/\" \/><\/p><div class=\"clear\"><\/div>\r\n\t\t\t<p><textarea name=\"c_comments\" placeholder=\"Message\"><\/textarea><\/p><div class=\"clear\"><\/div><p><span class=\"capcode\">1 + 3 = <\/span><input style=\"width:200px;\" type=\"text\" placeholder=\"Captcha\" value=\"\" name=\"c_captcha\" \/><input type=\"hidden\" name=\"c_captcha_confirm\" value=\"a87ff679a2f3e71d9181a67b7542122c\"><\/p><div class=\"clear\"><\/div><p class=\"sub\"><input type=\"submit\" name=\"c_submit\" value=\"Submit\" class=\"search-submit\" \/><\/p>\r\n\t\t<\/form>\r\n\t<\/div>\n<p>&nbsp;<\/p>\n","protected":false},"excerpt":{"rendered":"<p>Kontaktieren Sie uns Bei Fragen zu unseren Services, f\u00fcr Preisausk\u00fcnfte oder f\u00fcr sonstige Anfragen ben\u00fctzen Sie bitte unser Kontaktformular. &nbsp;<\/p>\n","protected":false},"author":1,"featured_media":89,"parent":0,"menu_order":3,"comment_status":"closed","ping_status":"closed","template":"template-contact.php","meta":[],"_links":{"self":[{"href":"https:\/\/atelier-schreiber.ch\/wordpress\/wp-json\/wp\/v2\/pages\/86"}],"collection":[{"href":"https:\/\/atelier-schreiber.ch\/wordpress\/wp-json\/wp\/v2\/pages"}],"about":[{"href":"https:\/\/atelier-schreiber.ch\/wordpress\/wp-json\/wp\/v2\/types\/page"}],"author":[{"embeddable":true,"href":"https:\/\/atelier-schreiber.ch\/wordpress\/wp-json\/wp\/v2\/users\/1"}],"replies":[{"embeddable":true,"href":"https:\/\/atelier-schreiber.ch\/wordpress\/wp-json\/wp\/v2\/comments?post=86"}],"version-history":[{"count":13,"href":"https:\/\/atelier-schreiber.ch\/wordpress\/wp-json\/wp\/v2\/pages\/86\/revisions"}],"predecessor-version":[{"id":326,"href":"https:\/\/atelier-schreiber.ch\/wordpress\/wp-json\/wp\/v2\/pages\/86\/revisions\/326"}],"wp:featuredmedia":[{"embeddable":true,"href":"https:\/\/atelier-schreiber.ch\/wordpress\/wp-json\/wp\/v2\/media\/89"}],"wp:attachment":[{"href":"https:\/\/atelier-schreiber.ch\/wordpress\/wp-json\/wp\/v2\/media?parent=86"}],"curies":[{"name":"wp","href":"https:\/\/api.w.org\/{rel}","templated":true}]}}