{"id":2,"date":"2018-04-01T00:16:42","date_gmt":"2018-03-31T22:16:42","guid":{"rendered":"http:\/\/atelier-schreiber.ch\/wordpress\/?page_id=2"},"modified":"2025-09-06T22:26:34","modified_gmt":"2025-09-06T20:26:34","slug":"preisliste","status":"publish","type":"page","link":"https:\/\/atelier-schreiber.ch\/wordpress\/preisliste\/","title":{"rendered":"Preisliste"},"content":{"rendered":"<table style=\"width: 100%;\">\n<tbody>\n<tr>\n<th style=\"text-align: left;\"><strong>Neuanfertigungen<\/strong><\/th>\n<th style=\"text-align: right;\">&nbsp; CHF<\/th>\n<\/tr>\n<tr>\n<td>Rock<\/td>\n<td style=\"text-align: right;\">ab 380,&#8211;<\/td>\n<\/tr>\n<tr>\n<td>Hose<\/td>\n<td style=\"text-align: right;\">ab 430,&#8211;<\/td>\n<\/tr>\n<tr>\n<td>Kleid<\/td>\n<td style=\"text-align: right;\">ab 450,&#8211;<\/td>\n<\/tr>\n<tr>\n<td>Bluse<\/td>\n<td style=\"text-align: right;\">ab 380,&#8211;<\/td>\n<\/tr>\n<tr>\n<td>Alle Preise sind ohne Material und k\u00f6nnen nach Aufwand variieren.<\/td>\n<td style=\"text-align: right;\">&nbsp;<\/td>\n<\/tr>\n<\/tbody>\n<\/table>\n<table style=\"width: 100%;\">\n<tbody>\n<tr>\n<th style=\"text-align: left;\"><strong>Veston \/ Mantel<\/strong><\/th>\n<th style=\"text-align: right;\">CHF<\/th>\n<\/tr>\n<tr>\n<td>L\u00e4nge k\u00fcrzen einfach<\/td>\n<td style=\"text-align: right;\">80,&#8211;<\/td>\n<\/tr>\n<tr>\n<td>L\u00e4nge k\u00fcrzen mit Futter<\/td>\n<td style=\"text-align: right;\">100,&#8211;<\/td>\n<\/tr>\n<tr>\n<td>L\u00e4nge k\u00fcrzen mit 1 Schlitz<\/td>\n<td style=\"text-align: right;\">ab 110,&#8211;<\/td>\n<\/tr>\n<tr>\n<td>L\u00e4nge k\u00fcrzen mit 2 Schlitzen<\/td>\n<td style=\"text-align: right;\">ab 130,&#8211;<\/td>\n<\/tr>\n<tr>\n<td>\u00c4rmel k\u00fcrzen<\/td>\n<td style=\"text-align: right;\">55,&#8211;<\/td>\n<\/tr>\n<tr>\n<td>\u00c4rmel k\u00fcrzen mit falschem Knopfloch<\/td>\n<td style=\"text-align: right;\">72,&#8211;<\/td>\n<\/tr>\n<tr>\n<td>\u00c4rmel k\u00fcrzen am Schulter<\/td>\n<td style=\"text-align: right;\">120,&#8211;<\/td>\n<\/tr>\n<tr>\n<td>R\u00fccken enger \/ weiter<\/td>\n<td style=\"text-align: right;\">&nbsp;&nbsp;45,&#8211;<\/td>\n<\/tr>\n<tr>\n<td>R\u00fccken enger \/ weiter mit Schlitz<\/td>\n<td style=\"text-align: right;\">&nbsp;60,&#8211;<\/td>\n<\/tr>\n<tr>\n<td>Nackenfalte heben<\/td>\n<td style=\"text-align: right;\">&nbsp;70,&#8211;<\/td>\n<\/tr>\n<tr>\n<td>Seiten verengen ohne Armloch<\/td>\n<td style=\"text-align: right;\">&nbsp;60,&#8211;<\/td>\n<\/tr>\n<tr>\n<td>Seiten verengen mit Armloch<\/td>\n<td style=\"text-align: right;\">&nbsp;120,&#8211;<\/td>\n<\/tr>\n<tr>\n<td>Schulter schm\u00e4lern<\/td>\n<td style=\"text-align: right;\">&nbsp;&nbsp;90,&#8211;<\/td>\n<\/tr>\n<tr>\n<td>Reissverschluss neu bis 80 cm &nbsp;inkl. RV<\/td>\n<td style=\"text-align: right;\">&nbsp;95,&#8211;<\/td>\n<\/tr>\n<tr>\n<td>Reissverschluss neu &nbsp;ab 80 cm &nbsp;inkl. RV<\/td>\n<td style=\"text-align: right;\">&nbsp;&nbsp;&nbsp;ab 95,&#8211;<\/td>\n<\/tr>\n<tr>\n<td>Einf\u00fcttern inkl. Material mit Taschen<\/td>\n<td style=\"text-align: right;\">&nbsp;&nbsp;&nbsp;250,&#8211;<\/td>\n<\/tr>\n<\/tbody>\n<\/table>\n<table style=\"width: 100%;\">\n<tbody>\n<tr>\n<th style=\"text-align: left;\"><strong>Damenkleider<\/strong><\/th>\n<th style=\"text-align: right;\">CHF<\/th>\n<\/tr>\n<tr>\n<td>L\u00e4nge k\u00fcrzen einfach<\/td>\n<td style=\"text-align: right;\">ab 40,&#8211;<\/td>\n<\/tr>\n<tr>\n<td>L\u00e4nge k\u00fcrzen mit Futter<\/td>\n<td style=\"text-align: right;\">ab 50,&#8211;<\/td>\n<\/tr>\n<tr>\n<td>\u00c4rmell\u00e4nge k\u00fcrzen einfach<\/td>\n<td style=\"text-align: right;\">30,&#8211;<\/td>\n<\/tr>\n<tr>\n<td>\u00c4rmell\u00e4nge k\u00fcrzen mit Schlitz<\/td>\n<td style=\"text-align: right;\">55,&#8211;<\/td>\n<\/tr>\n<tr>\n<td>Seiten verengen\/ erweitern ohne Armloch<\/td>\n<td style=\"text-align: right;\">60,&#8211;<\/td>\n<\/tr>\n<tr>\n<td>Seiten verengen\/ erweitern mit Armloch<\/td>\n<td style=\"text-align: right;\">110,&#8211;<\/td>\n<\/tr>\n<tr>\n<td>Achsel einnehmen<\/td>\n<td style=\"text-align: right;\">ab 40,&#8211;<\/td>\n<\/tr>\n<\/tbody>\n<\/table>\n<table style=\"width: 100%;\">\n<tbody>\n<tr>\n<th style=\"text-align: left;\"><strong>R\u00f6cke<\/strong><\/th>\n<th style=\"text-align: right;\">CHF<\/th>\n<\/tr>\n<tr>\n<td>L\u00e4nge k\u00fcrzen einfach<\/td>\n<td style=\"text-align: right;\">ab 40,&#8211;<\/td>\n<\/tr>\n<tr>\n<td>L\u00e4nge k\u00fcrzen mit Futter<\/td>\n<td style=\"text-align: right;\">ab 50,&#8211;<\/td>\n<\/tr>\n<tr>\n<td>L\u00e4nge k\u00fcrzen mit Schlitz<\/td>\n<td style=\"text-align: right;\">55,&#8211;<\/td>\n<\/tr>\n<tr>\n<td>Rock verl\u00e4ngern<\/td>\n<td style=\"text-align: right;\">60,&#8211;<\/td>\n<\/tr>\n<tr>\n<td>Seiten verengen mit Bund<\/td>\n<td style=\"text-align: right;\">60,&#8211;<\/td>\n<\/tr>\n<tr>\n<td>Rock neu einf\u00fcttern inkl. Material<\/td>\n<td style=\"text-align: right;\">&nbsp;ab 80,&#8211;<\/td>\n<\/tr>\n<\/tbody>\n<\/table>\n<table style=\"width: 100%;\">\n<tbody>\n<tr>\n<th style=\"text-align: left;\"><strong>Hosen<\/strong><\/th>\n<th style=\"text-align: right;\">CHF<\/th>\n<\/tr>\n<tr>\n<td>Hosen k\u00fcrzen normal<\/td>\n<td style=\"text-align: right;\">27,&#8211;<\/td>\n<\/tr>\n<tr>\n<td>Hose verl\u00e4ngern<\/td>\n<td style=\"text-align: right;\">35,&#8211;<\/td>\n<\/tr>\n<tr>\n<td>Hose k\u00fcrzen (Band)<\/td>\n<td style=\"text-align: right;\">35,&#8211;<\/td>\n<\/tr>\n<tr>\n<td>Bund tiefer setzen<\/td>\n<td style=\"text-align: right;\">70,&#8211;<\/td>\n<\/tr>\n<tr>\n<td>Hosenbein verengen ab Knie<\/td>\n<td style=\"text-align: right;\">45,&#8211;<\/td>\n<\/tr>\n<tr>\n<td>Reissverschluss neu einsetzen &nbsp;inkl. RV<\/td>\n<td style=\"text-align: right;\">ab 40,&#8211;<\/td>\n<\/tr>\n<tr>\n<td>Bund verengen\/erweitern (Stoff)<\/td>\n<td style=\"text-align: right;\">30,&#8211;<\/td>\n<\/tr>\n<tr>\n<td>Bund verengen\/erweitern (Jeans)<\/td>\n<td style=\"text-align: right;\">38,&#8211;<\/td>\n<\/tr>\n<tr>\n<td>Hose neu einf\u00fcttern ohne Tasche inkl. Material<\/td>\n<td style=\"text-align: right;\">80,&#8211;<\/td>\n<\/tr>\n<tr>\n<td>Futter pro Tasche ansetzen<\/td>\n<td style=\"text-align: right;\">35,&#8211;<\/td>\n<\/tr>\n<\/tbody>\n<\/table>\n<table style=\"width: 100%;\">\n<tbody>\n<tr>\n<th style=\"text-align: left;\"><strong>Hemden \/ Blusen<\/strong><\/th>\n<th style=\"text-align: right;\">CHF<\/th>\n<\/tr>\n<tr>\n<td>L\u00e4nge k\u00fcrzen einfach<\/td>\n<td style=\"text-align: right;\">28,&#8211;<\/td>\n<\/tr>\n<tr>\n<td>L\u00e4nge k\u00fcrzen mit Schlitz<\/td>\n<td style=\"text-align: right;\">33,&#8211;<\/td>\n<\/tr>\n<tr>\n<td>\u00c4rmell\u00e4nge k\u00fcrzen einfach<\/td>\n<td style=\"text-align: right;\">25,&#8211;<\/td>\n<\/tr>\n<tr>\n<td>\u00c4rmell\u00e4nge k\u00fcrzen mit Schlitz versetzen<\/td>\n<td style=\"text-align: right;\">45,&#8211;<\/td>\n<\/tr>\n<tr>\n<td>Seiten verengen<\/td>\n<td style=\"text-align: right;\">40,&#8211;<\/td>\n<\/tr>\n<\/tbody>\n<\/table>\n<table style=\"width: 100%;\">\n<tbody>\n<tr>\n<th style=\"text-align: left;\"><strong>Reinigung<\/strong><\/th>\n<th style=\"text-align: right;\">CHF<\/th>\n<\/tr>\n<tr>\n<td>Herrenanzug zweiteilig<\/td>\n<td style=\"text-align: right;\">ab 30,&#8211;<\/td>\n<\/tr>\n<tr>\n<td>Veston<\/td>\n<td style=\"text-align: right;\">18,&#8211;<\/td>\n<\/tr>\n<tr>\n<td>Veston (Winter)<\/td>\n<td style=\"text-align: right;\">22,&#8211;<\/td>\n<\/tr>\n<tr>\n<td>Hose<\/td>\n<td style=\"text-align: right;\">ab 14,&#8211;<\/td>\n<\/tr>\n<tr>\n<td>Jupe<\/td>\n<td style=\"text-align: right;\">17,&#8211;<\/td>\n<\/tr>\n<tr>\n<td>Damenkleid<\/td>\n<td style=\"text-align: right;\">ab 33,&#8211;<\/td>\n<\/tr>\n<tr>\n<td>Bluse<\/td>\n<td style=\"text-align: right;\">13,&#8211;<\/td>\n<\/tr>\n<tr>\n<td>Krawatte<\/td>\n<td style=\"text-align: right;\">11,&#8211;<\/td>\n<\/tr>\n<tr>\n<td>Schal<\/td>\n<td style=\"text-align: right;\">15,&#8211; bis 18,&#8211;<\/td>\n<\/tr>\n<tr>\n<td>Pullover<\/td>\n<td style=\"text-align: right;\">14,&#8211;<\/td>\n<\/tr>\n<tr>\n<td>Mantel<\/td>\n<td style=\"text-align: right;\">ab 35,&#8211;<\/td>\n<\/tr>\n<tr>\n<td>Anorak<\/td>\n<td style=\"text-align: right;\">45,&#8211;<\/td>\n<\/tr>\n<tr>\n<td>Daunenjacke<\/td>\n<td style=\"text-align: right;\">ab 40,&#8211;<\/td>\n<\/tr>\n<tr>\n<td>Bettw\u00e4sche<\/td>\n<td style=\"text-align: right;\">ab 25,&#8211;<\/td>\n<\/tr>\n<tr>\n<td>Daunendecke 90 x 200 cm<\/td>\n<td style=\"text-align: right;\">ab 35,&#8211;<\/td>\n<\/tr>\n<tr>\n<td>Daunendecke 120 x 200 cm<\/td>\n<td style=\"text-align: right;\">ab 70,&#8211;<\/td>\n<\/tr>\n<\/tbody>\n<\/table>\n<table style=\"width: 100%;\">\n<tbody>\n<tr>\n<th style=\"text-align: left;\"><strong>Hemdenservice<\/strong><\/th>\n<th style=\"text-align: right;\">CHF<\/th>\n<\/tr>\n<tr>\n<td>Hemd am B\u00fcgel (handgeb\u00fcgelt)<\/td>\n<td style=\"text-align: right;\">7,&#8211;<\/td>\n<\/tr>\n<tr>\n<td>Hemdenservice zusammengelegt<\/td>\n<td style=\"text-align: right;\">8,50<\/td>\n<\/tr>\n<\/tbody>\n<\/table>\n<table style=\"width: 100%;\">\n<tbody>\n<tr>\n<th style=\"text-align: left;\"><strong>Sonstiges<\/strong><\/th>\n<th style=\"text-align: right;\">CHF<\/th>\n<\/tr>\n<tr>\n<td>Knopf ann\u00e4hen<\/td>\n<td style=\"text-align: right;\">8,&#8211;<\/td>\n<\/tr>\n<tr>\n<td>Neues Knopfloch<\/td>\n<td style=\"text-align: right;\">15,&#8211;<\/td>\n<\/tr>\n<tr>\n<td>Vorhang k\u00fcrzen pro lfm<\/td>\n<td style=\"text-align: right;\">20,&#8211;<\/td>\n<\/tr>\n<tr>\n<td>Bettw\u00e4sche neuer RV ( inkl. RV) pro lfm<\/td>\n<td style=\"text-align: right;\">30,&#8211;<\/td>\n<\/tr>\n<tr>\n<td>Hose Tasche flicken<\/td>\n<td style=\"text-align: right;\">15,&#8211;<\/td>\n<\/tr>\n<tr>\n<td>Wiffeln Loch bis 2 cm pro Loch<\/td>\n<td style=\"text-align: right;\">20,&#8211;<\/td>\n<\/tr>\n<tr>\n<td>Wiffeln Loch ab 2 cm pro Loch<\/td>\n<td style=\"text-align: right;\">35,&#8211;<\/td>\n<\/tr>\n<tr>\n<td>Schulterpolster einn\u00e4hen inkl. Material<\/td>\n<td style=\"text-align: right;\">35,&#8211;<\/td>\n<\/tr>\n<\/tbody>\n<\/table>\n<table style=\"width: 100%;\">\n<tbody>\n<tr>\n<th style=\"text-align: left;\"><strong>Regie Arbeit<\/strong><\/th>\n<th style=\"text-align: right;\">CHF<\/th>\n<\/tr>\n<tr>\n<td>Stundenansatz<\/td>\n<td style=\"text-align: right;\">70,&#8211;<\/td>\n<\/tr>\n<tr>\n<td>Expresszuschlag 50 %<\/td>\n<td style=\"text-align: right;\">&nbsp;<\/td>\n<\/tr>\n<\/tbody>\n<\/table>\n<table style=\"width: 100%;\">\n<tbody>\n<tr>\n<th style=\"text-align: left;\"><strong>Stickpreise<\/strong><\/th>\n<th style=\"text-align: right;\">CHF<\/th>\n<\/tr>\n<tr>\n<td>T\u00fccher bestickt mit Namen<\/td>\n<td style=\"text-align: right;\">&nbsp;<\/td>\n<\/tr>\n<tr>\n<td>&nbsp; Bath Towel 70*130 cm<\/td>\n<td style=\"text-align: right;\">ab 34,&#8211;<\/td>\n<\/tr>\n<tr>\n<td>&nbsp; Hand Towel 50*90 cm<\/td>\n<td style=\"text-align: right;\">ab 19,&#8211;<\/td>\n<\/tr>\n<tr>\n<td>Stickpreise (ohne Textilien)<\/td>\n<td style=\"text-align: right;\">&nbsp;<\/td>\n<\/tr>\n<tr>\n<td>&nbsp; Name (max. 15 Zeichen pro Zeile) einzeilig<\/td>\n<td style=\"text-align: right;\">7,50<\/td>\n<\/tr>\n<tr>\n<td>&nbsp; Name (max. 15 Zeichen pro Zeile) zweizeilig<\/td>\n<td style=\"text-align: right;\">10,50<\/td>\n<\/tr>\n<tr>\n<td>Firmennamen (max 15 Zeichen pro Zeile)<\/td>\n<td style=\"text-align: right;\">&nbsp;<\/td>\n<\/tr>\n<tr>\n<td>&nbsp; ab 1 St\u00fcck einzeilig<\/td>\n<td style=\"text-align: right;\">7.50<\/td>\n<\/tr>\n<tr>\n<td>&nbsp; ab 1 St\u00fcck zweizeilig<\/td>\n<td style=\"text-align: right;\">10,50<\/td>\n<\/tr>\n<tr>\n<td>&nbsp; ab 1 St\u00fcck dreizeilig<\/td>\n<td style=\"text-align: right;\">13,50<\/td>\n<\/tr>\n<tr>\n<td>&nbsp; ab 10 St\u00fcck einzeilig<\/td>\n<td style=\"text-align: right;\">7,&#8211;<\/td>\n<\/tr>\n<tr>\n<td>&nbsp; ab 10 St\u00fcck zweizeilig<\/td>\n<td style=\"text-align: right;\">8,50<\/td>\n<\/tr>\n<tr>\n<td>&nbsp; ab 10 St\u00fcck dreizeilig<\/td>\n<td style=\"text-align: right;\">11,50<\/td>\n<\/tr>\n<tr>\n<td>&nbsp; ab 50 St\u00fcck einzeilig<\/td>\n<td style=\"text-align: right;\">5,&#8211;<\/td>\n<\/tr>\n<tr>\n<td>&nbsp; ab 50 St\u00fcck zweizeilig<\/td>\n<td style=\"text-align: right;\">7,&#8211;<\/td>\n<\/tr>\n<tr>\n<td>&nbsp; ab 50 St\u00fcck dreizeilig<\/td>\n<td style=\"text-align: right;\">8,50<\/td>\n<\/tr>\n<tr>\n<td>&nbsp; ab 100 St\u00fcck einzeilig<\/td>\n<td style=\"text-align: right;\">4,80<\/td>\n<\/tr>\n<tr>\n<td>&nbsp; ab 100 St\u00fcck zweizeilig<\/td>\n<td style=\"text-align: right;\">6,&#8211;<\/td>\n<\/tr>\n<tr>\n<td>&nbsp; ab 100 St\u00fcck dreizeilig<\/td>\n<td style=\"text-align: right;\">8,&#8211;<\/td>\n<\/tr>\n<tr>\n<td>Firmenlogo<\/td>\n<td style=\"text-align: right;\">&nbsp;<\/td>\n<\/tr>\n<tr>\n<td>&nbsp; ab 1 St\u00fcck klein ( bis 45 cm2)<\/td>\n<td style=\"text-align: right;\">13,&#8211;<\/td>\n<\/tr>\n<tr>\n<td>&nbsp; ab 1 St\u00fcck mittel (bis 80 cm2)<\/td>\n<td style=\"text-align: right;\">18,&#8211;<\/td>\n<\/tr>\n<tr>\n<td>&nbsp; ab 1 St\u00fcck gross (bis 200 cm2)<\/td>\n<td style=\"text-align: right;\">37,&#8211;<\/td>\n<\/tr>\n<tr>\n<td>&nbsp; ab 10 St\u00fcck klein ( bis 45 cm2)<\/td>\n<td style=\"text-align: right;\">7,&#8211;<\/td>\n<\/tr>\n<tr>\n<td>&nbsp; ab 10 St\u00fcck mittel (bis 80 cm2)<\/td>\n<td style=\"text-align: right;\">8,50<\/td>\n<\/tr>\n<tr>\n<td>&nbsp; ab 10 St\u00fcck gross (bis 200 cm2)<\/td>\n<td style=\"text-align: right;\">11,50<\/td>\n<\/tr>\n<tr>\n<td>&nbsp; ab 50 St\u00fcck klein ( bis 45 cm2)<\/td>\n<td style=\"text-align: right;\">5,&#8211;<\/td>\n<\/tr>\n<tr>\n<td>&nbsp; ab 50 St\u00fcck mittel (bis 80 cm2)<\/td>\n<td style=\"text-align: right;\">7,&#8211;<\/td>\n<\/tr>\n<tr>\n<td>&nbsp; ab 50 St\u00fcck gross (bis 200 cm2)<\/td>\n<td style=\"text-align: right;\">8,50<\/td>\n<\/tr>\n<tr>\n<td>&nbsp; ab 100 St\u00fcck klein ( bis 45 cm2)<\/td>\n<td style=\"text-align: right;\">4,80<\/td>\n<\/tr>\n<tr>\n<td>&nbsp; ab 100 St\u00fcck mittel (bis 80 cm2)<\/td>\n<td style=\"text-align: right;\">6,&#8211;<\/td>\n<\/tr>\n<tr>\n<td>&nbsp; ab 100 St\u00fcck gross (bis 200 cm2)<\/td>\n<td style=\"text-align: right;\">8,&#8211;<\/td>\n<\/tr>\n<tr>\n<td>&nbsp;Erstellung Stickdatei<\/td>\n<td style=\"text-align: right;\">&nbsp;<\/td>\n<\/tr>\n<tr>\n<td>&nbsp; Namen \/ Firmennamen Standardschriften<\/td>\n<td style=\"text-align: right;\">gratis<\/td>\n<\/tr>\n<tr>\n<td>&nbsp; Logo klein<\/td>\n<td style=\"text-align: right;\">40,&#8211;<\/td>\n<\/tr>\n<tr>\n<td>&nbsp; Logo mittel<\/td>\n<td style=\"text-align: right;\">60,&#8211;<\/td>\n<\/tr>\n<tr>\n<td>&nbsp; Logo gross<\/td>\n<td style=\"text-align: right;\">100,&#8211;<\/td>\n<\/tr>\n<\/tbody>\n<\/table>\n<table style=\"width: 100%;\">\n<tbody>\n<tr>\n<th style=\"text-align: left;\"><strong>Leder<\/strong><\/th>\n<th style=\"text-align: right;\">CHF<\/th>\n<\/tr>\n<tr>\n<td>Lederhose k\u00fcrzen<\/td>\n<td style=\"text-align: right;\">30,&#8211;<\/td>\n<\/tr>\n<tr>\n<td>Lederhose k\u00fcrzen (gesteppt)<\/td>\n<td style=\"text-align: right;\">45,&#8211;<\/td>\n<\/tr>\n<tr>\n<td>Lederhose Seiten verengen<\/td>\n<td style=\"text-align: right;\">90,&#8211;<\/td>\n<\/tr>\n<tr>\n<td>Lederhose Bund einnehmen<\/td>\n<td style=\"text-align: right;\">50,&#8211;<\/td>\n<\/tr>\n<tr>\n<td>Lederhose neu einf\u00fcttern (inkl. Material)<\/td>\n<td style=\"text-align: right;\">150,&#8211;<\/td>\n<\/tr>\n<tr>\n<td>Lederrock L\u00e4nge k\u00fcrzen ohne Futter<\/td>\n<td style=\"text-align: right;\">40,&#8211;<\/td>\n<\/tr>\n<tr>\n<td>Lederrock L\u00e4nge k\u00fcrzen mit Futter<\/td>\n<td style=\"text-align: right;\">55,&#8211;<\/td>\n<\/tr>\n<tr>\n<td>Lederjacke L\u00e4nge k\u00fcrzen<\/td>\n<td style=\"text-align: right;\">90,&#8211;<\/td>\n<\/tr>\n<tr>\n<td>Lederjacke \u00c4rmel k\u00fcrzen<\/td>\n<td style=\"text-align: right;\">50,&#8211;<\/td>\n<\/tr>\n<tr>\n<td>Reissverschluss ersetzen (inkl. RV.)<\/td>\n<td style=\"text-align: right;\">ab 125,&#8211;<\/td>\n<\/tr>\n<tr>\n<td>Lederjacke einf\u00fcttern (inkl. Material)<\/td>\n<td style=\"text-align: right;\">ab 250,&#8211;<\/td>\n<\/tr>\n<\/tbody>\n<\/table>\n\n\n<p><\/p>\n","protected":false},"excerpt":{"rendered":"<p>Neuanfertigungen &nbsp; CHF Rock ab 380,&#8211; Hose ab 430,&#8211; Kleid ab 450,&#8211; Bluse ab 380,&#8211; Alle Preise sind ohne Material und k\u00f6nnen nach Aufwand variieren. &nbsp; Veston \/ Mantel CHF L\u00e4nge k\u00fcrzen einfach 80,&#8211; L\u00e4nge k\u00fcrzen mit Futter 100,&#8211; L\u00e4nge k\u00fcrzen mit 1 Schlitz ab 110,&#8211; L\u00e4nge k\u00fcrzen mit 2 Schlitzen ab 130,&#8211; \u00c4rmel k\u00fcrzen&#8230; <\/p>\n","protected":false},"author":1,"featured_media":78,"parent":0,"menu_order":2,"comment_status":"closed","ping_status":"closed","template":"full-width.php","meta":[],"_links":{"self":[{"href":"https:\/\/atelier-schreiber.ch\/wordpress\/wp-json\/wp\/v2\/pages\/2"}],"collection":[{"href":"https:\/\/atelier-schreiber.ch\/wordpress\/wp-json\/wp\/v2\/pages"}],"about":[{"href":"https:\/\/atelier-schreiber.ch\/wordpress\/wp-json\/wp\/v2\/types\/page"}],"author":[{"embeddable":true,"href":"https:\/\/atelier-schreiber.ch\/wordpress\/wp-json\/wp\/v2\/users\/1"}],"replies":[{"embeddable":true,"href":"https:\/\/atelier-schreiber.ch\/wordpress\/wp-json\/wp\/v2\/comments?post=2"}],"version-history":[{"count":49,"href":"https:\/\/atelier-schreiber.ch\/wordpress\/wp-json\/wp\/v2\/pages\/2\/revisions"}],"predecessor-version":[{"id":342,"href":"https:\/\/atelier-schreiber.ch\/wordpress\/wp-json\/wp\/v2\/pages\/2\/revisions\/342"}],"wp:featuredmedia":[{"embeddable":true,"href":"https:\/\/atelier-schreiber.ch\/wordpress\/wp-json\/wp\/v2\/media\/78"}],"wp:attachment":[{"href":"https:\/\/atelier-schreiber.ch\/wordpress\/wp-json\/wp\/v2\/media?parent=2"}],"curies":[{"name":"wp","href":"https:\/\/api.w.org\/{rel}","templated":true}]}}